{"id":1452,"date":"2022-10-03T12:05:38","date_gmt":"2022-10-03T09:05:38","guid":{"rendered":"http:\/\/demo.qodeinteractive.com\/bridge11\/?page_id=1452"},"modified":"2024-01-18T08:35:45","modified_gmt":"2024-01-18T06:35:45","slug":"kontakt","status":"publish","type":"page","link":"https:\/\/metsakuurort.ee\/en\/kontakt\/","title":{"rendered":"Contact"},"content":{"rendered":"<div class=\"wpb-content-wrapper\"><p>[vc_row css_animation=&#8221;&#8221; row_type=&#8221;row&#8221; use_row_as_full_screen_section=&#8221;no&#8221; type=&#8221;grid&#8221; angled_section=&#8221;no&#8221; text_align=&#8221;left&#8221; background_image_as_pattern=&#8221;without_pattern&#8221; z_index=&#8221;&#8221; padding_top=&#8221;80&#8243; padding_bottom=&#8221;80&#8243;][vc_column][qode_elements_holder number_of_columns=&#8221;two_columns&#8221; columns_proportion=&#8221;66_33&#8243;][qode_elements_holder_item vertical_alignment=&#8221;top&#8221; advanced_animations=&#8221;no&#8221; item_padding=&#8221;0px 20px 20px 20px&#8221;][vc_column_text]<\/p>\n<h2 class=\"flex-wrap\">Recreation Centre Metsakuurort<\/h2>\n<p>[\/vc_column_text][vc_empty_space height=&#8221;15px&#8221;][vc_raw_html]JTVCaWNvbnMlMjBpY29uJTNEJTIyZmEtcGhvbmUlMjIlMjBzaXplJTNEJTIyZmEtbGclMjIlMjB0eXBlJTNEJTIybm9ybWFsJTIyJTIwY3VzdG9tX3NpemUlM0QlMjIxOSUyMiUyMGJvcmRlciUzRCUyMnllcyUyMiUyMGxpbmslM0QlMjIlMjMlMjIlMjB0YXJnZXQlM0QlMjJfYmxhbmslMjIlMjBpY29uX2NvbG9yJTNEJTIyJTIzMzMzMzMzJTIyJTIwbWFyZ2luJTNEJTIyMCUyMDVweCUyMDVweCUyMDAlMjIlNUQlM0NhJTIwaHJlZiUzRCUyMnRlbCUzQSUyQjM3MjU1NTg5NTk4JTIyJTIwdGFyZ2V0JTNEJTIyX2JsYW5rJTIyJTNFJTJCMzcyJTIwNTU1ODk1OTglM0MlMkZhJTNF[\/vc_raw_html][vc_raw_html]JTVCaWNvbnMlMjBpY29uJTNEJTIyZmEtZW52ZWxvcGUlMjIlMjBzaXplJTNEJTIyZmEtbGclMjIlMjB0eXBlJTNEJTIybm9ybWFsJTIyJTIwY3VzdG9tX3NpemUlM0QlMjIxOSUyMiUyMGJvcmRlciUzRCUyMnllcyUyMiUyMGxpbmslM0QlMjJtYWlsdG8lM0FpbmZvJTQwbWV0c2FrdXVyb3J0LmVlJTIyJTIwdGFyZ2V0JTNEJTIyX2JsYW5rJTIyJTIwaWNvbl9jb2xvciUzRCUyMiUyMzMzMzMzMyUyMiUyMG1hcmdpbiUzRCUyMjAlMjA1cHglMjA1cHglMjAwcHglMjIlNUQlM0NhJTIwaHJlZiUzRCUyMm1haWx0byUzQWluZm8lNDBtZXRzYWt1dXJvcnQuZWUlMjIlMjB0YXJnZXQlM0QlMjJfYmxhbmslMjIlM0VpbmZvJTQwbWV0c2FrdXVyb3J0LmVlJTNDJTJGYSUzRQ==[\/vc_raw_html][vc_raw_html]JTVCaWNvbnMlMjBpY29uJTNEJTIyZmEtbG9jYXRpb24tYXJyb3clMjIlMjBzaXplJTNEJTIyZmEtbGclMjIlMjB0eXBlJTNEJTIybm9ybWFsJTIyJTIwY3VzdG9tX3NpemUlM0QlMjIxOSUyMiUyMGJvcmRlciUzRCUyMnllcyUyMiUyMGxpbmslM0QlMjJodHRwcyUzQSUyRiUyRnd3dy5nb29nbGUuY29tJTJGbWFwcyUzRmxsJTNENTkuMTgwODg5JTJDMjQuOTI1MDUlMjZ6JTNEMTIlMjZ0JTNEbSUyNmhsJTNEZXQlMjZnbCUzREVFJTI2bWFwY2xpZW50JTNEZW1iZWQlMjZjaWQlM0Q0Nzg1NzA4MTYyNzExNjkxMzg2JTIyJTIwdGFyZ2V0JTNEJTIyX2JsYW5rJTIyJTIwaWNvbl9jb2xvciUzRCUyMiUyMzMzMzMzMyUyMiUyMG1hcmdpbiUzRCUyMjAlMjA1cHglMjA1cHglMjAwcHglMjIlNUQlM0NhJTIwaHJlZiUzRCUyMmh0dHBzJTNBJTJGJTJGd3d3Lmdvb2dsZS5jb20lMkZtYXBzJTNGbGwlM0Q1OS4xODA4ODklMkMyNC45MjUwNSUyNnolM0QxMiUyNnQlM0RtJTI2aGwlM0RldCUyNmdsJTNERUUlMjZtYXBjbGllbnQlM0RlbWJlZCUyNmNpZCUzRDQ3ODU3MDgxNjI3MTE2OTEzODYlMjIlMjB0YXJnZXQlM0QlMjJfYmxhbmslMjIlM0VSYXBsYSUyMG1hYWtvbmQlMkMlMjBQYWhrbGElMjBrJUMzJUJDbGElMkMlMjBMZWVuYSUyMHRhbHUlMkMlMjA3OTc0MiUzQyUyRmElM0U=[\/vc_raw_html][vc_empty_space][vc_raw_js]JTNDaWZyYW1lJTIwc3JjJTNEJTIyaHR0cHMlM0ElMkYlMkZ3d3cuZ29vZ2xlLmNvbSUyRm1hcHMlMkZlbWJlZCUzRnBiJTNEJTIxMW0xOCUyMTFtMTIlMjExbTMlMjExZDI4MzA3LjUyMTIxNTkwMzk5JTIxMmQyNC45MDg1MjQ2NjE4NzgzMSUyMTNkNTkuMTgxMzUwOTcyMTQ4NTUlMjEybTMlMjExZjAlMjEyZjAlMjEzZjAlMjEzbTIlMjExaTEwMjQlMjEyaTc2OCUyMTRmMTMuMSUyMTNtMyUyMTFtMiUyMTFzMHg0NjkyYzU4Yzg2OTQzNDY5JTI1M0EweDQyNmE0MDM3ZGQxZTIwN2ElMjEyc01ldHNha3V1cm9ydCUyMTVlMCUyMTNtMiUyMTFzZXQlMjEyc2VlJTIxNHYxNjY3MjIxNjE4Mjg5JTIxNW0yJTIxMXNldCUyMTJzZWUlMjIlMjB3aWR0aCUzRCUyMjEwMCUyNSUyMiUyMGhlaWdodCUzRCUyMjQwMCUyMiUyMHN0eWxlJTNEJTIyYm9yZGVyJTNBMCUzQiUyMiUyMGFsbG93ZnVsbHNjcmVlbiUzRCUyMiUyMiUyMGxvYWRpbmclM0QlMjJsYXp5JTIyJTIwcmVmZXJyZXJwb2xpY3klM0QlMjJuby1yZWZlcnJlci13aGVuLWRvd25ncmFkZSUyMiUzRSUzQyUyRmlmcmFtZSUzRQ==[\/vc_raw_js][\/qode_elements_holder_item][qode_elements_holder_item vertical_alignment=&#8221;top&#8221; advanced_animations=&#8221;no&#8221; item_padding=&#8221;31px 37px 0&#8243; background_color=&#8221;#266244&#8243;][vc_column_text]<\/p>\n<h2><span style=\"color: #ffffff;\">Contact us<\/span><\/h2>\n<p>[\/vc_column_text][vc_empty_space height=&#8221;29px&#8221;]\n<div class=\"wpcf7 no-js\" id=\"wpcf7-f17576-o1\" lang=\"en-US\" dir=\"ltr\" data-wpcf7-id=\"17576\">\n<div class=\"screen-reader-response\"><p role=\"status\" aria-live=\"polite\" aria-atomic=\"true\"><\/p> <ul><\/ul><\/div>\n<form action=\"\/en\/wp-json\/wp\/v2\/pages\/1452#wpcf7-f17576-o1\" method=\"post\" class=\"wpcf7-form init cf7_custom_style_3\" aria-label=\"Contact form\" novalidate=\"novalidate\" data-status=\"init\">\n<fieldset class=\"hidden-fields-container\"><input type=\"hidden\" name=\"_wpcf7\" value=\"17576\" \/><input type=\"hidden\" name=\"_wpcf7_version\" value=\"6.1.5\" \/><input type=\"hidden\" name=\"_wpcf7_locale\" value=\"en_US\" \/><input type=\"hidden\" name=\"_wpcf7_unit_tag\" value=\"wpcf7-f17576-o1\" \/><input type=\"hidden\" name=\"_wpcf7_container_post\" value=\"0\" \/><input type=\"hidden\" name=\"_wpcf7_posted_data_hash\" value=\"\" \/><input type=\"hidden\" name=\"_wpcf7_recaptcha_response\" value=\"\" \/>\n<\/fieldset>\n<div>\n\t<p><span class=\"wpcf7-form-control-wrap\" data-name=\"your-name\"><input size=\"40\" maxlength=\"400\" class=\"wpcf7-form-control wpcf7-text wpcf7-validates-as-required\" aria-required=\"true\" aria-invalid=\"false\" placeholder=\"Your name\" value=\"\" type=\"text\" name=\"your-name\" \/><\/span>\n\t<\/p>\n<\/div>\n<div>\n\t<p><span class=\"wpcf7-form-control-wrap\" data-name=\"your-email\"><input size=\"40\" maxlength=\"400\" class=\"wpcf7-form-control wpcf7-email wpcf7-validates-as-required wpcf7-text wpcf7-validates-as-email\" aria-required=\"true\" aria-invalid=\"false\" placeholder=\"Your email\" value=\"\" type=\"email\" name=\"your-email\" \/><\/span>\n\t<\/p>\n<\/div>\n<div>\n\t<p><span class=\"wpcf7-form-control-wrap\" data-name=\"your-message\"><textarea cols=\"40\" rows=\"10\" maxlength=\"2000\" class=\"wpcf7-form-control wpcf7-textarea wpcf7-validates-as-required\" aria-required=\"true\" aria-invalid=\"false\" placeholder=\"Your message\" name=\"your-message\"><\/textarea><\/span>\n\t<\/p>\n<\/div>\n<div style=\"text-align: center;\">\n\t<p><input class=\"wpcf7-form-control wpcf7-submit has-spinner\" type=\"submit\" value=\"Submit\" \/>\n\t<\/p>\n<\/div><div class=\"wpcf7-response-output\" aria-hidden=\"true\"><\/div>\n<\/form>\n<\/div>\n[vc_empty_space height=&#8221;37px&#8221;][\/qode_elements_holder_item][\/qode_elements_holder][\/vc_column][\/vc_row]<\/p>\n<\/div>","protected":false},"excerpt":{"rendered":"<p>[vc_row css_animation=&#8221;&#8221; row_type=&#8221;row&#8221; use_row_as_full_screen_section=&#8221;no&#8221; type=&#8221;grid&#8221; angled_section=&#8221;no&#8221; text_align=&#8221;left&#8221; background_image_as_pattern=&#8221;without_pattern&#8221; z_index=&#8221;&#8221; padding_top=&#8221;80&#8243; padding_bottom=&#8221;80&#8243;][vc_column][qode_elements_holder number_of_columns=&#8221;two_columns&#8221; columns_proportion=&#8221;66_33&#8243;][qode_elements_holder_item vertical_alignment=&#8221;top&#8221; advanced_animations=&#8221;no&#8221; item_padding=&#8221;0px 20px 20px 20px&#8221;][vc_column_text] Recreation Centre Metsakuurort [\/vc_column_text][vc_empty_space height=&#8221;15px&#8221;][vc_raw_html]JTVCaWNvbnMlMjBpY29uJTNEJTIyZmEtcGhvbmUlMjIlMjBzaXplJTNEJTIyZmEtbGclMjIlMjB0eXBlJTNEJTIybm9ybWFsJTIyJTIwY3VzdG9tX3NpemUlM0QlMjIxOSUyMiUyMGJvcmRlciUzRCUyMnllcyUyMiUyMGxpbmslM0QlMjIlMjMlMjIlMjB0YXJnZXQlM0QlMjJfYmxhbmslMjIlMjBpY29uX2NvbG9yJTNEJTIyJTIzMzMzMzMzJTIyJTIwbWFyZ2luJTNEJTIyMCUyMDVweCUyMDVweCUyMDAlMjIlNUQlM0NhJTIwaHJlZiUzRCUyMnRlbCUzQSUyQjM3MjU1NTg5NTk4JTIyJTIwdGFyZ2V0JTNEJTIyX2JsYW5rJTIyJTNFJTJCMzcyJTIwNTU1ODk1OTglM0MlMkZhJTNF[\/vc_raw_html][vc_raw_html]JTVCaWNvbnMlMjBpY29uJTNEJTIyZmEtZW52ZWxvcGUlMjIlMjBzaXplJTNEJTIyZmEtbGclMjIlMjB0eXBlJTNEJTIybm9ybWFsJTIyJTIwY3VzdG9tX3NpemUlM0QlMjIxOSUyMiUyMGJvcmRlciUzRCUyMnllcyUyMiUyMGxpbmslM0QlMjJtYWlsdG8lM0FpbmZvJTQwbWV0c2FrdXVyb3J0LmVlJTIyJTIwdGFyZ2V0JTNEJTIyX2JsYW5rJTIyJTIwaWNvbl9jb2xvciUzRCUyMiUyMzMzMzMzMyUyMiUyMG1hcmdpbiUzRCUyMjAlMjA1cHglMjA1cHglMjAwcHglMjIlNUQlM0NhJTIwaHJlZiUzRCUyMm1haWx0byUzQWluZm8lNDBtZXRzYWt1dXJvcnQuZWUlMjIlMjB0YXJnZXQlM0QlMjJfYmxhbmslMjIlM0VpbmZvJTQwbWV0c2FrdXVyb3J0LmVlJTNDJTJGYSUzRQ==[\/vc_raw_html][vc_raw_html]JTVCaWNvbnMlMjBpY29uJTNEJTIyZmEtbG9jYXRpb24tYXJyb3clMjIlMjBzaXplJTNEJTIyZmEtbGclMjIlMjB0eXBlJTNEJTIybm9ybWFsJTIyJTIwY3VzdG9tX3NpemUlM0QlMjIxOSUyMiUyMGJvcmRlciUzRCUyMnllcyUyMiUyMGxpbmslM0QlMjJodHRwcyUzQSUyRiUyRnd3dy5nb29nbGUuY29tJTJGbWFwcyUzRmxsJTNENTkuMTgwODg5JTJDMjQuOTI1MDUlMjZ6JTNEMTIlMjZ0JTNEbSUyNmhsJTNEZXQlMjZnbCUzREVFJTI2bWFwY2xpZW50JTNEZW1iZWQlMjZjaWQlM0Q0Nzg1NzA4MTYyNzExNjkxMzg2JTIyJTIwdGFyZ2V0JTNEJTIyX2JsYW5rJTIyJTIwaWNvbl9jb2xvciUzRCUyMiUyMzMzMzMzMyUyMiUyMG1hcmdpbiUzRCUyMjAlMjA1cHglMjA1cHglMjAwcHglMjIlNUQlM0NhJTIwaHJlZiUzRCUyMmh0dHBzJTNBJTJGJTJGd3d3Lmdvb2dsZS5jb20lMkZtYXBzJTNGbGwlM0Q1OS4xODA4ODklMkMyNC45MjUwNSUyNnolM0QxMiUyNnQlM0RtJTI2aGwlM0RldCUyNmdsJTNERUUlMjZtYXBjbGllbnQlM0RlbWJlZCUyNmNpZCUzRDQ3ODU3MDgxNjI3MTE2OTEzODYlMjIlMjB0YXJnZXQlM0QlMjJfYmxhbmslMjIlM0VSYXBsYSUyMG1hYWtvbmQlMkMlMjBQYWhrbGElMjBrJUMzJUJDbGElMkMlMjBMZWVuYSUyMHRhbHUlMkMlMjA3OTc0MiUzQyUyRmElM0U=[\/vc_raw_html][vc_empty_space][vc_raw_js]JTNDaWZyYW1lJTIwc3JjJTNEJTIyaHR0cHMlM0ElMkYlMkZ3d3cuZ29vZ2xlLmNvbSUyRm1hcHMlMkZlbWJlZCUzRnBiJTNEJTIxMW0xOCUyMTFtMTIlMjExbTMlMjExZDI4MzA3LjUyMTIxNTkwMzk5JTIxMmQyNC45MDg1MjQ2NjE4NzgzMSUyMTNkNTkuMTgxMzUwOTcyMTQ4NTUlMjEybTMlMjExZjAlMjEyZjAlMjEzZjAlMjEzbTIlMjExaTEwMjQlMjEyaTc2OCUyMTRmMTMuMSUyMTNtMyUyMTFtMiUyMTFzMHg0NjkyYzU4Yzg2OTQzNDY5JTI1M0EweDQyNmE0MDM3ZGQxZTIwN2ElMjEyc01ldHNha3V1cm9ydCUyMTVlMCUyMTNtMiUyMTFzZXQlMjEyc2VlJTIxNHYxNjY3MjIxNjE4Mjg5JTIxNW0yJTIxMXNldCUyMTJzZWUlMjIlMjB3aWR0aCUzRCUyMjEwMCUyNSUyMiUyMGhlaWdodCUzRCUyMjQwMCUyMiUyMHN0eWxlJTNEJTIyYm9yZGVyJTNBMCUzQiUyMiUyMGFsbG93ZnVsbHNjcmVlbiUzRCUyMiUyMiUyMGxvYWRpbmclM0QlMjJsYXp5JTIyJTIwcmVmZXJyZXJwb2xpY3klM0QlMjJuby1yZWZlcnJlci13aGVuLWRvd25ncmFkZSUyMiUzRSUzQyUyRmlmcmFtZSUzRQ==[\/vc_raw_js][\/qode_elements_holder_item][qode_elements_holder_item vertical_alignment=&#8221;top&#8221; advanced_animations=&#8221;no&#8221; item_padding=&#8221;31px 37px 0&#8243; background_color=&#8221;#266244&#8243;][vc_column_text] Contact us [\/vc_column_text][vc_empty_space height=&#8221;29px&#8221;][vc_empty_space height=&#8221;37px&#8221;][\/qode_elements_holder_item][\/qode_elements_holder][\/vc_column][\/vc_row]<\/p>\n","protected":false},"author":1,"featured_media":0,"parent":0,"menu_order":0,"comment_status":"closed","ping_status":"closed","template":"full_width.php","meta":{"footnotes":""},"class_list":["post-1452","page","type-page","status-publish","hentry"],"yoast_head":"<!-- This site is optimized with the Yoast SEO plugin v27.4 - https:\/\/yoast.com\/product\/yoast-seo-wordpress\/ -->\n<title>Metsakuurorti kontakt. V\u00f5ta meiega \u00fchendust!<\/title>\n<meta name=\"description\" content=\"Metsakuurorti puhkekeskus asub looduskaunis Raplamaal, Kohila vallas, Pahkla k\u00fclas. Tallinnast u 40min autos\u00f5idu kaugusel.\" \/>\n<meta name=\"robots\" content=\"index, follow, max-snippet:-1, max-image-preview:large, max-video-preview:-1\" \/>\n<link rel=\"canonical\" href=\"https:\/\/metsakuurort.ee\/en\/kontakt\/\" \/>\n<meta property=\"og:locale\" content=\"en_US\" \/>\n<meta property=\"og:type\" content=\"article\" \/>\n<meta property=\"og:title\" content=\"Metsakuurorti kontakt. V\u00f5ta meiega \u00fchendust!\" \/>\n<meta property=\"og:description\" content=\"Metsakuurorti puhkekeskus asub looduskaunis Raplamaal, Kohila vallas, Pahkla k\u00fclas. Tallinnast u 40min autos\u00f5idu kaugusel.\" \/>\n<meta property=\"og:url\" content=\"https:\/\/metsakuurort.ee\/en\/kontakt\/\" \/>\n<meta property=\"og:site_name\" content=\"Metsakuurort\" \/>\n<meta property=\"article:publisher\" content=\"https:\/\/www.facebook.com\/metsakuurort\" \/>\n<meta property=\"article:modified_time\" content=\"2024-01-18T06:35:45+00:00\" \/>\n<meta name=\"twitter:card\" content=\"summary_large_image\" \/>\n<meta name=\"twitter:label1\" content=\"Est. reading time\" \/>\n\t<meta name=\"twitter:data1\" content=\"1 minute\" \/>\n<script type=\"application\/ld+json\" class=\"yoast-schema-graph\">{\"@context\":\"https:\\\/\\\/schema.org\",\"@graph\":[{\"@type\":\"WebPage\",\"@id\":\"https:\\\/\\\/metsakuurort.ee\\\/en\\\/kontakt\\\/\",\"url\":\"https:\\\/\\\/metsakuurort.ee\\\/en\\\/kontakt\\\/\",\"name\":\"Metsakuurorti kontakt. V\u00f5ta meiega \u00fchendust!\",\"isPartOf\":{\"@id\":\"https:\\\/\\\/metsakuurort.ee\\\/en\\\/#website\"},\"datePublished\":\"2022-10-03T09:05:38+00:00\",\"dateModified\":\"2024-01-18T06:35:45+00:00\",\"description\":\"Metsakuurorti puhkekeskus asub looduskaunis Raplamaal, Kohila vallas, Pahkla k\u00fclas. Tallinnast u 40min autos\u00f5idu kaugusel.\",\"breadcrumb\":{\"@id\":\"https:\\\/\\\/metsakuurort.ee\\\/en\\\/kontakt\\\/#breadcrumb\"},\"inLanguage\":\"en-US\",\"potentialAction\":[{\"@type\":\"ReadAction\",\"target\":[[\"https:\\\/\\\/metsakuurort.ee\\\/en\\\/kontakt\\\/\"]]}]},{\"@type\":\"BreadcrumbList\",\"@id\":\"https:\\\/\\\/metsakuurort.ee\\\/en\\\/kontakt\\\/#breadcrumb\",\"itemListElement\":[{\"@type\":\"ListItem\",\"position\":1,\"name\":\"Home\",\"item\":\"https:\\\/\\\/metsakuurort.ee\\\/en\\\/\"},{\"@type\":\"ListItem\",\"position\":2,\"name\":\"Kontakt\"}]},{\"@type\":\"WebSite\",\"@id\":\"https:\\\/\\\/metsakuurort.ee\\\/en\\\/#website\",\"url\":\"https:\\\/\\\/metsakuurort.ee\\\/en\\\/\",\"name\":\"Metsakuurort\",\"description\":\"\",\"publisher\":{\"@id\":\"https:\\\/\\\/metsakuurort.ee\\\/en\\\/#organization\"},\"potentialAction\":[{\"@type\":\"SearchAction\",\"target\":{\"@type\":\"EntryPoint\",\"urlTemplate\":\"https:\\\/\\\/metsakuurort.ee\\\/en\\\/?s={search_term_string}\"},\"query-input\":{\"@type\":\"PropertyValueSpecification\",\"valueRequired\":true,\"valueName\":\"search_term_string\"}}],\"inLanguage\":\"en-US\"},{\"@type\":\"Organization\",\"@id\":\"https:\\\/\\\/metsakuurort.ee\\\/en\\\/#organization\",\"name\":\"Metsakuurort\",\"url\":\"https:\\\/\\\/metsakuurort.ee\\\/en\\\/\",\"logo\":{\"@type\":\"ImageObject\",\"inLanguage\":\"en-US\",\"@id\":\"https:\\\/\\\/metsakuurort.ee\\\/en\\\/#\\\/schema\\\/logo\\\/image\\\/\",\"url\":\"https:\\\/\\\/metsakuurort.ee\\\/wp-content\\\/uploads\\\/2022\\\/10\\\/logo2.png\",\"contentUrl\":\"https:\\\/\\\/metsakuurort.ee\\\/wp-content\\\/uploads\\\/2022\\\/10\\\/logo2.png\",\"width\":293,\"height\":35,\"caption\":\"Metsakuurort\"},\"image\":{\"@id\":\"https:\\\/\\\/metsakuurort.ee\\\/en\\\/#\\\/schema\\\/logo\\\/image\\\/\"},\"sameAs\":[\"https:\\\/\\\/www.facebook.com\\\/metsakuurort\"]}]}<\/script>\n<!-- \/ Yoast SEO plugin. -->","yoast_head_json":{"title":"Metsakuurorti kontakt. V\u00f5ta meiega \u00fchendust!","description":"Metsakuurorti puhkekeskus asub looduskaunis Raplamaal, Kohila vallas, Pahkla k\u00fclas. Tallinnast u 40min autos\u00f5idu kaugusel.","robots":{"index":"index","follow":"follow","max-snippet":"max-snippet:-1","max-image-preview":"max-image-preview:large","max-video-preview":"max-video-preview:-1"},"canonical":"https:\/\/metsakuurort.ee\/en\/kontakt\/","og_locale":"en_US","og_type":"article","og_title":"Metsakuurorti kontakt. V\u00f5ta meiega \u00fchendust!","og_description":"Metsakuurorti puhkekeskus asub looduskaunis Raplamaal, Kohila vallas, Pahkla k\u00fclas. Tallinnast u 40min autos\u00f5idu kaugusel.","og_url":"https:\/\/metsakuurort.ee\/en\/kontakt\/","og_site_name":"Metsakuurort","article_publisher":"https:\/\/www.facebook.com\/metsakuurort","article_modified_time":"2024-01-18T06:35:45+00:00","twitter_card":"summary_large_image","twitter_misc":{"Est. reading time":"1 minute"},"schema":{"@context":"https:\/\/schema.org","@graph":[{"@type":"WebPage","@id":"https:\/\/metsakuurort.ee\/en\/kontakt\/","url":"https:\/\/metsakuurort.ee\/en\/kontakt\/","name":"Metsakuurorti kontakt. V\u00f5ta meiega \u00fchendust!","isPartOf":{"@id":"https:\/\/metsakuurort.ee\/en\/#website"},"datePublished":"2022-10-03T09:05:38+00:00","dateModified":"2024-01-18T06:35:45+00:00","description":"Metsakuurorti puhkekeskus asub looduskaunis Raplamaal, Kohila vallas, Pahkla k\u00fclas. Tallinnast u 40min autos\u00f5idu kaugusel.","breadcrumb":{"@id":"https:\/\/metsakuurort.ee\/en\/kontakt\/#breadcrumb"},"inLanguage":"en-US","potentialAction":[{"@type":"ReadAction","target":[["https:\/\/metsakuurort.ee\/en\/kontakt\/"]]}]},{"@type":"BreadcrumbList","@id":"https:\/\/metsakuurort.ee\/en\/kontakt\/#breadcrumb","itemListElement":[{"@type":"ListItem","position":1,"name":"Home","item":"https:\/\/metsakuurort.ee\/en\/"},{"@type":"ListItem","position":2,"name":"Kontakt"}]},{"@type":"WebSite","@id":"https:\/\/metsakuurort.ee\/en\/#website","url":"https:\/\/metsakuurort.ee\/en\/","name":"Metsakuurort","description":"","publisher":{"@id":"https:\/\/metsakuurort.ee\/en\/#organization"},"potentialAction":[{"@type":"SearchAction","target":{"@type":"EntryPoint","urlTemplate":"https:\/\/metsakuurort.ee\/en\/?s={search_term_string}"},"query-input":{"@type":"PropertyValueSpecification","valueRequired":true,"valueName":"search_term_string"}}],"inLanguage":"en-US"},{"@type":"Organization","@id":"https:\/\/metsakuurort.ee\/en\/#organization","name":"Metsakuurort","url":"https:\/\/metsakuurort.ee\/en\/","logo":{"@type":"ImageObject","inLanguage":"en-US","@id":"https:\/\/metsakuurort.ee\/en\/#\/schema\/logo\/image\/","url":"https:\/\/metsakuurort.ee\/wp-content\/uploads\/2022\/10\/logo2.png","contentUrl":"https:\/\/metsakuurort.ee\/wp-content\/uploads\/2022\/10\/logo2.png","width":293,"height":35,"caption":"Metsakuurort"},"image":{"@id":"https:\/\/metsakuurort.ee\/en\/#\/schema\/logo\/image\/"},"sameAs":["https:\/\/www.facebook.com\/metsakuurort"]}]}},"_links":{"self":[{"href":"https:\/\/metsakuurort.ee\/en\/wp-json\/wp\/v2\/pages\/1452","targetHints":{"allow":["GET"]}}],"collection":[{"href":"https:\/\/metsakuurort.ee\/en\/wp-json\/wp\/v2\/pages"}],"about":[{"href":"https:\/\/metsakuurort.ee\/en\/wp-json\/wp\/v2\/types\/page"}],"author":[{"embeddable":true,"href":"https:\/\/metsakuurort.ee\/en\/wp-json\/wp\/v2\/users\/1"}],"replies":[{"embeddable":true,"href":"https:\/\/metsakuurort.ee\/en\/wp-json\/wp\/v2\/comments?post=1452"}],"version-history":[{"count":33,"href":"https:\/\/metsakuurort.ee\/en\/wp-json\/wp\/v2\/pages\/1452\/revisions"}],"predecessor-version":[{"id":17852,"href":"https:\/\/metsakuurort.ee\/en\/wp-json\/wp\/v2\/pages\/1452\/revisions\/17852"}],"wp:attachment":[{"href":"https:\/\/metsakuurort.ee\/en\/wp-json\/wp\/v2\/media?parent=1452"}],"curies":[{"name":"wp","href":"https:\/\/api.w.org\/{rel}","templated":true}]}}